{"id":461,"date":"2019-03-04T14:40:42","date_gmt":"2019-03-04T14:40:42","guid":{"rendered":"https:\/\/dor.qodeinteractive.com\/?page_id=461"},"modified":"2022-02-25T15:02:21","modified_gmt":"2022-02-25T15:02:21","slug":"contact-us","status":"publish","type":"page","link":"https:\/\/enterijerimaric.com\/?page_id=461","title":{"rendered":"Kontakti"},"content":{"rendered":"<p>[vc_row content_placement=&#8221;middle&#8221; content_text_aligment=&#8221;center&#8221;][vc_column]<div class=\"mkdf-elements-holder   mkdf-one-column  mkdf-responsive-mode-768 \" ><div class=\"mkdf-eh-item    \"  data-item-class=\"mkdf-eh-custom-8716\" data-1367-1600=\"102px 62px 172px\" data-1025-1366=\"102px 62px 172px\" data-769-1024=\"102px 129px 172px\" data-681-768=\"102px 84px 102px\" data-680=\"102px 37px 102px\">\n\t<div class=\"mkdf-eh-item-inner\">\n\t\t<div class=\"mkdf-eh-item-content mkdf-eh-custom-8716\" style=\"padding: 102px 70px 172px\">\n\t\t\t[vc_gmaps link=&#8221;#E-8_JTNDaWZyYW1lJTIwc3JjJTNEJTIyaHR0cHMlM0ElMkYlMkZ3d3cuZ29vZ2xlLmNvbSUyRm1hcHMlMkZlbWJlZCUzRnBiJTNEJTIxMW0xOCUyMTFtMTIlMjExbTMlMjExZDI4MzQuNzE3OTQ1MjA5NDUxNSUyMTJkMTcuMzI1MDYyNTUxMjk5OTI2JTIxM2Q0NC43MjUzNjc2Nzg5OTY0NiUyMTJtMyUyMTFmMCUyMTJmMCUyMTNmMCUyMTNtMiUyMTFpMTAyNCUyMTJpNzY4JTIxNGYxMy4xJTIxM20zJTIxMW0yJTIxMXMweDQ3NWUxMDFkNGZjNzk5MDMlMjUzQTB4NmI4MGU4YWE1ZTAwYTYzMSUyMTJ6UTJGeVlTQkVkY1doWVc1aExDREVqR1ZzYVc1aFl3JTIxNWUwJTIxM20yJTIxMXNzciUyMTJzYmElMjE0djE2NDU4MDAzMDUwNjUlMjE1bTIlMjExc3NyJTIxMnNiYSUyMiUyMHdpZHRoJTNEJTIyNjAwJTIyJTIwaGVpZ2h0JTNEJTIyNDUwJTIyJTIwc3R5bGUlM0QlMjJib3JkZXIlM0EwJTNCJTIyJTIwYWxsb3dmdWxsc2NyZWVuJTNEJTIyJTIyJTIwbG9hZGluZyUzRCUyMmxhenklMjIlM0UlM0MlMkZpZnJhbWUlM0U=&#8221; size=&#8221;536px&#8221; title=&#8221;Kako nas prona\u0107i?&#8221;]\t\t<\/div>\n\t<\/div>\n<\/div><\/div>[\/vc_column][\/vc_row][vc_row row_content_width=&#8221;grid&#8221;][vc_column offset=&#8221;vc_col-lg-6 vc_col-md-6&#8243; css=&#8221;.vc_custom_1554194794415{padding-right: 0px !important;}&#8221;]<div class=\"mkdf-elements-holder   mkdf-one-column  mkdf-responsive-mode-768 \" ><div class=\"mkdf-eh-item    \"  data-item-class=\"mkdf-eh-custom-1164\" data-681-768=\"0px 15px 0px 0px\" data-680=\"0px 15px 0px 0px\">\n\t<div class=\"mkdf-eh-item-inner\">\n\t\t<div class=\"mkdf-eh-item-content mkdf-eh-custom-1164\" style=\"padding: 0px 0px 130px\">\n\t\t\t\n<div class=\"wpcf7 no-js\" id=\"wpcf7-f4301-o1\" lang=\"en-US\" dir=\"ltr\" data-wpcf7-id=\"4301\">\n<div class=\"screen-reader-response\"><p role=\"status\" aria-live=\"polite\" aria-atomic=\"true\"><\/p> <ul><\/ul><\/div>\n<form action=\"\/index.php?rest_route=%2Fwp%2Fv2%2Fpages%2F461#wpcf7-f4301-o1\" method=\"post\" class=\"wpcf7-form init\" aria-label=\"Contact form\" novalidate=\"novalidate\" data-status=\"init\">\n<div style=\"display: none;\">\n<input type=\"hidden\" name=\"_wpcf7\" value=\"4301\" \/>\n<input type=\"hidden\" name=\"_wpcf7_version\" value=\"6.0.6\" \/>\n<input type=\"hidden\" name=\"_wpcf7_locale\" value=\"en_US\" \/>\n<input type=\"hidden\" name=\"_wpcf7_unit_tag\" value=\"wpcf7-f4301-o1\" \/>\n<input type=\"hidden\" name=\"_wpcf7_container_post\" value=\"0\" \/>\n<input type=\"hidden\" name=\"_wpcf7_posted_data_hash\" value=\"\" \/>\n<\/div>\n<div class=\"mkdf-cf-custom-style\">\n\t<p><span class=\"wpcf7-form-control-wrap\" data-name=\"your-message\"><textarea cols=\"40\" rows=\"6\" maxlength=\"2000\" class=\"wpcf7-form-control wpcf7-textarea\" aria-invalid=\"false\" placeholder=\"Write a message...\" name=\"your-message\"><\/textarea><\/span>\n\t<\/p>\n\t<p><span class=\"wpcf7-form-control-wrap\" data-name=\"your-name\"><input size=\"40\" maxlength=\"400\" class=\"wpcf7-form-control wpcf7-text wpcf7-validates-as-required\" aria-required=\"true\" aria-invalid=\"false\" placeholder=\"Your Name\" value=\"\" type=\"text\" name=\"your-name\" \/><\/span>\n\t<\/p>\n\t<p><span class=\"wpcf7-form-control-wrap\" data-name=\"your-email\"><input size=\"40\" maxlength=\"400\" class=\"wpcf7-form-control wpcf7-email wpcf7-validates-as-required wpcf7-text wpcf7-validates-as-email\" aria-required=\"true\" aria-invalid=\"false\" placeholder=\"Your Email\" value=\"\" type=\"email\" name=\"your-email\" \/><\/span>\n\t<\/p>\n\t<div class=\"mkdf-cf-custom-style-btn\">\n\t\t<p><button type=\"submit\" class=\"mkdf-btn mkdf-btn-simple\">Send<\/button>\n\t\t<\/p>\n\t<\/div>\n<\/div><div class=\"wpcf7-response-output\" aria-hidden=\"true\"><\/div>\n<\/form>\n<\/div>\n\t\t<\/div>\n\t<\/div>\n<\/div><\/div>[\/vc_column][vc_column offset=&#8221;vc_col-lg-6 vc_col-md-6&#8243;]<div class=\"mkdf-elements-holder   mkdf-one-column  mkdf-responsive-mode-768 \" ><div class=\"mkdf-eh-item    \"  data-item-class=\"mkdf-eh-custom-3400\" data-1025-1366=\"0px 29px 0px 78px\" data-769-1024=\"0px 0px 0px 18px\" data-681-768=\"100px 0px 0px 0px\" data-680=\"104px 0px 0px 0px\">\n\t<div class=\"mkdf-eh-item-inner\">\n\t\t<div class=\"mkdf-eh-item-content mkdf-eh-custom-3400\" style=\"padding: 0px 95px 0px 78px\">\n\t\t\t[vc_column_text]<\/p>\n<h2 style=\"margin-top: -11px;\">Kontakti<\/h2>\n<p>[\/vc_column_text]<div class=\"mkdf-separator-holder clearfix  mkdf-separator-left \">\n\t<div class=\"mkdf-separator\" style=\"border-color: #949494;width: 50px;border-bottom-width: 1px;margin-top: 13px;margin-bottom: 10px\"><\/div>\n<\/div>\n[vc_column_text]Kako Vam mo\u017eemo pomo\u0107i? Niste prona\u0161li sve odgovore koje ste tra\u017eili na na\u0161im stranicama? Ukoliko imate bilo kakav upit, komentar ili sugestiju molimo Vas da nas kontaktirate.[\/vc_column_text]\t\t<\/div>\n\t<\/div>\n<\/div><\/div><div class=\"mkdf-elements-holder   mkdf-two-columns  mkdf-responsive-mode-480 \" ><div class=\"mkdf-eh-item    \"  data-item-class=\"mkdf-eh-custom-1304\" data-769-1024=\"37px 0px 0px 17px\" data-681-768=\"37px 0px 96px 0px\" data-680=\"37px 0px 0px 0px\">\n\t<div class=\"mkdf-eh-item-inner\">\n\t\t<div class=\"mkdf-eh-item-content mkdf-eh-custom-1304\" style=\"padding: 37px 0px 0px 84px\">\n\t\t\t[vc_column_text el_class=&#8221;contact-us-info&#8221;]<\/p>\n<h5 style=\"margin: 0px;\">NA\u0160I KONTAKTI<\/h5>\n<p><a href=\"https:\/\/goo.gl\/maps\/n5ahn3DQvGzJM76w7\" target=\"_blank\" rel=\"noopener noreferrer\">Cara Du\u0161ana 29<\/a><\/p>\n<p><a href=\"https:\/\/goo.gl\/maps\/n5ahn3DQvGzJM76w7\" target=\"_blank\" rel=\"noopener noreferrer\">\u010celinac 78240<\/a><\/p>\n<p><a href=\"#\">+38765637482<\/a><\/p>\n<p><a href=\"enterijerimaric@gmail.com\">enterijerimaric@gmail.com<\/a>[\/vc_column_text]\t\t<\/div>\n\t<\/div>\n<\/div><div class=\"mkdf-eh-item    \"  data-item-class=\"mkdf-eh-custom-6445\" data-769-1024=\"37px 0px 0px 66px\" data-681-768=\"37px 0px 97px 0px\" data-680=\"37px 0px 95px 0px\">\n\t<div class=\"mkdf-eh-item-inner\">\n\t\t<div class=\"mkdf-eh-item-content mkdf-eh-custom-6445\" style=\"padding: 37px 0px 0px 0px\">\n\t\t\t\t\t<\/div>\n\t<\/div>\n<\/div><\/div>[\/vc_column][\/vc_row]<\/p>\n","protected":false},"excerpt":{"rendered":"<p>[vc_row content_placement=&#8221;middle&#8221; content_text_aligment=&#8221;center&#8221;][vc_column][\/vc_column][\/vc_row][vc_row row_content_width=&#8221;grid&#8221;][vc_column offset=&#8221;vc_col-lg-6 vc_col-md-6&#8243; css=&#8221;.vc_custom_1554194794415{padding-right: 0px !important;}&#8221;][\/vc_column][vc_column offset=&#8221;vc_col-lg-6 vc_col-md-6&#8243;][\/vc_column][\/vc_row]<\/p>\n","protected":false},"author":1,"featured_media":0,"parent":0,"menu_order":0,"comment_status":"closed","ping_status":"closed","template":"full-width.php","meta":{"footnotes":""},"class_list":["post-461","page","type-page","status-publish","hentry"],"_links":{"self":[{"href":"https:\/\/enterijerimaric.com\/index.php?rest_route=\/wp\/v2\/pages\/461","targetHints":{"allow":["GET"]}}],"collection":[{"href":"https:\/\/enterijerimaric.com\/index.php?rest_route=\/wp\/v2\/pages"}],"about":[{"href":"https:\/\/enterijerimaric.com\/index.php?rest_route=\/wp\/v2\/types\/page"}],"author":[{"embeddable":true,"href":"https:\/\/enterijerimaric.com\/index.php?rest_route=\/wp\/v2\/users\/1"}],"replies":[{"embeddable":true,"href":"https:\/\/enterijerimaric.com\/index.php?rest_route=%2Fwp%2Fv2%2Fcomments&post=461"}],"version-history":[{"count":12,"href":"https:\/\/enterijerimaric.com\/index.php?rest_route=\/wp\/v2\/pages\/461\/revisions"}],"predecessor-version":[{"id":4810,"href":"https:\/\/enterijerimaric.com\/index.php?rest_route=\/wp\/v2\/pages\/461\/revisions\/4810"}],"wp:attachment":[{"href":"https:\/\/enterijerimaric.com\/index.php?rest_route=%2Fwp%2Fv2%2Fmedia&parent=461"}],"curies":[{"name":"wp","href":"https:\/\/api.w.org\/{rel}","templated":true}]}}